{"id":497,"date":"2020-11-06T12:27:32","date_gmt":"2020-11-06T11:27:32","guid":{"rendered":"https:\/\/neu.martschin.at\/?page_id=497"},"modified":"2026-03-09T07:22:34","modified_gmt":"2026-03-09T06:22:34","slug":"startseite-corona","status":"publish","type":"page","link":"https:\/\/martschin.at\/","title":{"rendered":"Startseite"},"content":{"rendered":"<p>&nbsp;<\/p>\n<p lang=\"de-DE\" align=\"center\">&nbsp;<\/p>\n<p style=\"text-align: center;\" align=\"center\"><span style=\"font-size: 36pt; font-family: comic sans ms, sans-serif;\"><u><b>Unsere \u00d6ffnungszeiten<\/b><\/u><\/span><\/p>\n<p align=\"center\">&nbsp;<\/p>\n<p style=\"text-align: center;\" align=\"left\"><span style=\"font-size: 36pt;\"><b><span style=\"text-decoration: underline;\">Montag 8-15 Uhr<\/span> <\/b><\/span><\/p>\n<p style=\"text-align: center;\" align=\"left\"><span style=\"font-size: xx-large;\"><b>(K\u00fcche von 11-14 Uhr)<\/b><\/span><\/p>\n<p style=\"text-align: center;\" align=\"left\">&nbsp;<\/p>\n<p style=\"text-align: center;\" align=\"left\"><span style=\"font-size: 36pt;\"><b><span style=\"text-decoration: underline;\">Dienstag 8-15 Uhr<\/span> <\/b><\/span><\/p>\n<p style=\"text-align: center;\" align=\"left\"><span style=\"font-size: xx-large;\"><b>(K\u00fcche von 11-14 Uhr)<\/b><\/span><\/p>\n<p style=\"text-align: center;\" align=\"left\">&nbsp;<\/p>\n<p style=\"text-align: center;\" align=\"left\"><span style=\"font-size: 36pt;\"><b><span style=\"text-decoration: underline;\">Mittwoch, Donnerstag<\/span><\/b><\/span><\/p>\n<p style=\"text-align: center;\" align=\"left\"><span style=\"font-size: 36pt;\"><b><span style=\"text-decoration: underline;\">und Freitag 8-24 Uhr<\/span> <\/b><\/span><\/p>\n<p style=\"text-align: center;\" align=\"left\"><span style=\"font-size: xx-large;\"><b>(K\u00fcche von 11-14 und 17-21 Uhr)<\/b><\/span><\/p>\n<p align=\"left\">&nbsp;<\/p>\n<p style=\"text-align: center;\" align=\"left\">&nbsp;<\/p>\n<p style=\"text-align: center;\" align=\"left\"><span style=\"text-decoration: underline; font-size: 36pt;\"><b>Samstag Ruhetag<\/b><\/span><\/p>\n<p align=\"left\">&nbsp;<\/p>\n<p style=\"text-align: center;\" align=\"left\">&nbsp;<\/p>\n<p style=\"text-align: center;\" align=\"left\"><span style=\"font-size: 36pt;\"><b><span style=\"text-decoration: underline;\">Sonntag 8-17 Uhr<\/span> <\/b><\/span><\/p>\n<p style=\"text-align: center;\" align=\"left\"><span style=\"font-size: xx-large;\"><b>(K\u00fcche von 11-14 Uhr)<\/b><\/span><\/p>\n<p style=\"text-align: center;\" align=\"left\">&nbsp;<\/p>\n<p style=\"text-align: center;\" align=\"left\"><span style=\"font-size: 36pt;\"><b><span style=\"text-decoration: underline;\">Feiertag 8-15 Uhr<\/span> <\/b><\/span><\/p>\n<p style=\"text-align: center;\" align=\"left\"><span style=\"font-size: xx-large;\"><b>(K\u00fcche von 11-14 Uhr)<\/b><\/span><\/p>\n<p align=\"left\">&nbsp;<\/p>\n<p align=\"center\">&nbsp;<\/p>\n<p align=\"center\">&nbsp;<\/p>\n<p align=\"center\"><span style=\"font-size: 300%;\"><span style=\"text-decoration: underline;\"><b><span style=\"font-size: 18pt;\">Friedrich Martschin Restaurantbetrieb Gmbh<\/span><\/b><\/span><u><b><br \/>\n<\/b><\/u><\/span><\/p>\n<p align=\"center\"><span style=\"font-size: 14pt;\"><strong>Schulstrasse 3 <\/strong><\/span><\/p>\n<p align=\"center\"><span style=\"font-size: 14pt;\"><strong>4623 Gunskirchen<\/strong><\/span><\/p>\n<p align=\"center\"><span style=\"font-size: 14pt;\"><strong>Telefon: 07246\/6242&nbsp; <\/strong><\/span><\/p>\n<p align=\"center\"><span style=\"font-size: 14pt;\"><strong>Email: restaurant@martschin.at<\/strong><\/span><\/p>\n<p align=\"center\">&nbsp;<\/p>\n<p align=\"center\"><span style=\"font-size: 36pt;\"><strong>&nbsp;<\/strong><\/span><\/p>\n<p align=\"center\">&nbsp;<\/p>\n<p align=\"center\"><span style=\"font-size: 36pt;\">&nbsp;<\/span><\/p>\n<p align=\"center\"><span style=\"font-size: 36pt;\"><strong>&nbsp;<\/strong><\/span><\/p>\n<p align=\"center\">&nbsp;<\/p>\n<p align=\"center\">&nbsp;<\/p>\n<p align=\"center\"><span style=\"font-size: 36pt;\"><strong>&nbsp;<\/strong><\/span><\/p>\n<p align=\"center\">&nbsp;<\/p>\n<p align=\"center\">&nbsp;<\/p>\n<p align=\"center\">&nbsp;<\/p>\n<p align=\"center\">&nbsp;<\/p>\n<p align=\"left\">&nbsp;<\/p>\n<p align=\"left\"><img data-recalc-dims=\"1\" loading=\"lazy\" decoding=\"async\" class=\"aligncenter\" src=\"https:\/\/i0.wp.com\/martschin.at\/wp-content\/uploads\/2020\/05\/Logo-Martschin-2019_960_233.jpg?resize=144%2C35&#038;ssl=1\" alt=\"\" width=\"144\" height=\"35\"><\/p>\n<p align=\"left\"><div class='printomatic pom-default ' id='id2098'  data-print_target='article'><\/div><\/p>\n","protected":false},"excerpt":{"rendered":"<p>&nbsp; &nbsp; Unsere \u00d6ffnungszeiten &nbsp; Montag 8-15 Uhr (K\u00fcche von 11-14 Uhr) &nbsp; Dienstag 8-15 Uhr (K\u00fcche von 11-14 Uhr)<a href=\"https:\/\/martschin.at\/\" class=\"read-more-link\"> Read More &raquo;<\/a><\/p>\n","protected":false},"author":2,"featured_media":0,"parent":0,"menu_order":1,"comment_status":"closed","ping_status":"closed","template":"","meta":{"ngg_post_thumbnail":0,"footnotes":""},"class_list":["post-497","page","type-page","status-publish","hentry"],"jetpack_sharing_enabled":true,"_links":{"self":[{"href":"https:\/\/martschin.at\/index.php?rest_route=\/wp\/v2\/pages\/497","targetHints":{"allow":["GET"]}}],"collection":[{"href":"https:\/\/martschin.at\/index.php?rest_route=\/wp\/v2\/pages"}],"about":[{"href":"https:\/\/martschin.at\/index.php?rest_route=\/wp\/v2\/types\/page"}],"author":[{"embeddable":true,"href":"https:\/\/martschin.at\/index.php?rest_route=\/wp\/v2\/users\/2"}],"replies":[{"embeddable":true,"href":"https:\/\/martschin.at\/index.php?rest_route=%2Fwp%2Fv2%2Fcomments&post=497"}],"version-history":[{"count":66,"href":"https:\/\/martschin.at\/index.php?rest_route=\/wp\/v2\/pages\/497\/revisions"}],"predecessor-version":[{"id":1159,"href":"https:\/\/martschin.at\/index.php?rest_route=\/wp\/v2\/pages\/497\/revisions\/1159"}],"wp:attachment":[{"href":"https:\/\/martschin.at\/index.php?rest_route=%2Fwp%2Fv2%2Fmedia&parent=497"}],"curies":[{"name":"wp","href":"https:\/\/api.w.org\/{rel}","templated":true}]}}